{"id":17345,"date":"2021-09-24T15:03:45","date_gmt":"2021-09-24T15:03:45","guid":{"rendered":"http:\/\/cloudprimero.com\/case-studies\/"},"modified":"2021-09-27T14:12:57","modified_gmt":"2021-09-27T14:12:57","slug":"historias-de-clientes","status":"publish","type":"page","link":"https:\/\/www.cloudprimero.com\/br\/historias-de-clientes\/","title":{"rendered":"Case Studies"},"content":{"rendered":"\t\t<div data-elementor-type=\"wp-page\" data-elementor-id=\"17345\" class=\"elementor elementor-17345 elementor-5990\">\n\t\t\t\t\t\t<section class=\"elementor-section elementor-top-section elementor-element elementor-element-5e26ddb elementor-section-height-min-height elementor-section-stretched elementor-section-full_width elementor-section-height-default elementor-section-items-middle\" data-id=\"5e26ddb\" data-element_type=\"section\" data-settings=\"{&quot;stretch_section&quot;:&quot;section-stretched&quot;,&quot;background_background&quot;:&quot;classic&quot;}\">\n\t\t\t\t\t\t<div class=\"elementor-container elementor-column-gap-default\">\n\t\t\t\t\t<div class=\"elementor-column elementor-col-100 elementor-top-column elementor-element elementor-element-c2a0bf3\" data-id=\"c2a0bf3\" data-element_type=\"column\">\n\t\t\t<div class=\"elementor-widget-wrap elementor-element-populated\">\n\t\t\t\t\t\t<div class=\"elementor-element elementor-element-1e45370 elementor-widget elementor-widget-heading\" data-id=\"1e45370\" data-element_type=\"widget\" data-widget_type=\"heading.default\">\n\t\t\t\t<div class=\"elementor-widget-container\">\n\t\t\t\t\t<h1 class=\"elementor-heading-title elementor-size-default\">Estudos de caso<span>.<\/span><\/h1>\t\t\t\t<\/div>\n\t\t\t\t<\/div>\n\t\t\t\t<div class=\"elementor-element elementor-element-5538e51 elementor-widget elementor-widget-text-editor\" data-id=\"5538e51\" data-element_type=\"widget\" data-widget_type=\"text-editor.default\">\n\t\t\t\t<div class=\"elementor-widget-container\">\n\t\t\t\t\t\t\t\t\t<p>Apresentando o melhor e mais recente trabalho realizado pela Cloud Primero para seus clientes..<\/p>\n\t\t\t\t\t\t\t\t<\/div>\n\t\t\t\t<\/div>\n\t\t\t\t\t<\/div>\n\t\t<\/div>\n\t\t\t\t\t<\/div>\n\t\t<\/section>\n\t\t\t\t<section class=\"elementor-section elementor-top-section elementor-element elementor-element-36dd254 elementor-section-full_width elementor-section-height-default elementor-section-height-default\" data-id=\"36dd254\" data-element_type=\"section\">\n\t\t\t\t\t\t<div class=\"elementor-container elementor-column-gap-default\">\n\t\t\t\t\t<div class=\"elementor-column elementor-col-100 elementor-top-column elementor-element elementor-element-e316e9f\" data-id=\"e316e9f\" data-element_type=\"column\">\n\t\t\t<div class=\"elementor-widget-wrap elementor-element-populated\">\n\t\t\t\t\t\t<section class=\"elementor-section elementor-inner-section elementor-element elementor-element-3b5ebbd elementor-section-full_width elementor-section-height-default elementor-section-height-default\" data-id=\"3b5ebbd\" data-element_type=\"section\" data-settings=\"{&quot;background_background&quot;:&quot;classic&quot;}\">\n\t\t\t\t\t\t<div class=\"elementor-container elementor-column-gap-default\">\n\t\t\t\t\t<div class=\"elementor-column elementor-col-50 elementor-inner-column elementor-element elementor-element-3ecc1e1\" data-id=\"3ecc1e1\" data-element_type=\"column\">\n\t\t\t<div class=\"elementor-widget-wrap elementor-element-populated\">\n\t\t\t\t\t\t<div class=\"elementor-element elementor-element-6658466 elementor-widget elementor-widget-html\" data-id=\"6658466\" data-element_type=\"widget\" data-widget_type=\"html.default\">\n\t\t\t\t<div class=\"elementor-widget-container\">\n\t\t\t\t\t<div><h2><a href=\"http:\/\/cloudprimero.com\/br\/historias-de-clientes\/click-drive-client-stories\/\">\r\n<button class=\"blue-btn-cs link-dot\">\r\nClickDrive\r\n<\/button>\r\n<\/a><\/h2><\/div>\t\t\t\t<\/div>\n\t\t\t\t<\/div>\n\t\t\t\t<div class=\"elementor-element elementor-element-76fd9c1 elementor-widget elementor-widget-text-editor\" data-id=\"76fd9c1\" data-element_type=\"widget\" data-widget_type=\"text-editor.default\">\n\t\t\t\t<div class=\"elementor-widget-container\">\n\t\t\t\t\t\t\t\t\t<p>Os cofundadores da ClickDrive estavam procurando ativamente por parceiros de tecnologia que pudessem ajud\u00e1-los a construir uma plataforma robusta que traz tutoriais de dire\u00e7\u00e3o ao seu alcance. Descubra como o Cloud Primero foi capaz de fornecer aplicativos m\u00f3veis e da web de classe mundial para alunos e instrutores em um prazo de 3 meses.<\/p>\n\t\t\t\t\t\t\t\t<\/div>\n\t\t\t\t<\/div>\n\t\t\t\t\t<\/div>\n\t\t<\/div>\n\t\t\t\t<div class=\"elementor-column elementor-col-50 elementor-inner-column elementor-element elementor-element-13be79a\" data-id=\"13be79a\" data-element_type=\"column\">\n\t\t\t<div class=\"elementor-widget-wrap\">\n\t\t\t\t\t\t\t<\/div>\n\t\t<\/div>\n\t\t\t\t\t<\/div>\n\t\t<\/section>\n\t\t\t\t<section class=\"elementor-section elementor-inner-section elementor-element elementor-element-aebe1f5 elementor-section-full_width elementor-section-height-default elementor-section-height-default\" data-id=\"aebe1f5\" data-element_type=\"section\" data-settings=\"{&quot;background_background&quot;:&quot;classic&quot;}\">\n\t\t\t\t\t\t<div class=\"elementor-container elementor-column-gap-default\">\n\t\t\t\t\t<div class=\"elementor-column elementor-col-50 elementor-inner-column elementor-element elementor-element-b210cba\" data-id=\"b210cba\" data-element_type=\"column\">\n\t\t\t<div class=\"elementor-widget-wrap elementor-element-populated\">\n\t\t\t\t\t\t<div class=\"elementor-element elementor-element-9d2506a elementor-widget elementor-widget-html\" data-id=\"9d2506a\" data-element_type=\"widget\" data-widget_type=\"html.default\">\n\t\t\t\t<div class=\"elementor-widget-container\">\n\t\t\t\t\t<div><h2><\/h2><a href=\"http:\/\/cloudprimero.com\/br\/historias-de-clientes\/jogo-client-stories\/\">\r\n<button class=\"blue-btn-cs link-dot\">\r\nJogo\r\n<\/button>\r\n<\/a><\/h2><\/div>\t\t\t\t<\/div>\n\t\t\t\t<\/div>\n\t\t\t\t<div class=\"elementor-element elementor-element-fc3c28f elementor-widget elementor-widget-text-editor\" data-id=\"fc3c28f\" data-element_type=\"widget\" data-widget_type=\"text-editor.default\">\n\t\t\t\t<div class=\"elementor-widget-container\">\n\t\t\t\t\t\t\t\t\t<p>Jogo deve causar um grande impacto ao revolucionar o mundo do futebol. Saiba mais sobre como o Cloud Primero transformou uma ideia brilhante de um aplicativo de treinamento de futebol virtual em realidade usando a coleta de dados de \u00faltima gera\u00e7\u00e3o e o poder da vis\u00e3o computacional que conecta os talentos do futebol a treinadores e dirigentes em todo o mundo.<\/p>\n\t\t\t\t\t\t\t\t<\/div>\n\t\t\t\t<\/div>\n\t\t\t\t\t<\/div>\n\t\t<\/div>\n\t\t\t\t<div class=\"elementor-column elementor-col-50 elementor-inner-column elementor-element elementor-element-c1b7201\" data-id=\"c1b7201\" data-element_type=\"column\">\n\t\t\t<div class=\"elementor-widget-wrap\">\n\t\t\t\t\t\t\t<\/div>\n\t\t<\/div>\n\t\t\t\t\t<\/div>\n\t\t<\/section>\n\t\t\t\t<section class=\"elementor-section elementor-inner-section elementor-element elementor-element-1f587d5 elementor-section-full_width elementor-hidden-desktop elementor-hidden-tablet elementor-hidden-phone elementor-section-height-default elementor-section-height-default\" data-id=\"1f587d5\" data-element_type=\"section\" data-settings=\"{&quot;background_background&quot;:&quot;classic&quot;}\">\n\t\t\t\t\t\t<div class=\"elementor-container elementor-column-gap-default\">\n\t\t\t\t\t<div class=\"elementor-column elementor-col-50 elementor-inner-column elementor-element elementor-element-2ee576b\" data-id=\"2ee576b\" data-element_type=\"column\">\n\t\t\t<div class=\"elementor-widget-wrap elementor-element-populated\">\n\t\t\t\t\t\t<div class=\"elementor-element elementor-element-dc2f129 elementor-widget elementor-widget-html\" data-id=\"dc2f129\" data-element_type=\"widget\" data-widget_type=\"html.default\">\n\t\t\t\t<div class=\"elementor-widget-container\">\n\t\t\t\t\t<div><h2><a href=\"\">\r\n<button class=\"blue-btn-cs link-dot\">\r\nProperti\r\n<\/button>\r\n<\/a><\/h2><\/div>\t\t\t\t<\/div>\n\t\t\t\t<\/div>\n\t\t\t\t<div class=\"elementor-element elementor-element-b78a117 elementor-widget elementor-widget-text-editor\" data-id=\"b78a117\" data-element_type=\"widget\" data-widget_type=\"text-editor.default\">\n\t\t\t\t<div class=\"elementor-widget-container\">\n\t\t\t\t\t\t\t\t\t<p>Saiba como o Cloud Primero B.V. ofereceu um conjunto abrangente de aplicativos com o CRM central desenvolvido com base na Salesforce Lightning Platform como experi\u00eancia personalizada que atendeu aos processos e fluxos de trabalho exclusivos da Properti AG.<\/p>\n\t\t\t\t\t\t\t\t<\/div>\n\t\t\t\t<\/div>\n\t\t\t\t\t<\/div>\n\t\t<\/div>\n\t\t\t\t<div class=\"elementor-column elementor-col-50 elementor-inner-column elementor-element elementor-element-c9cbc0b\" data-id=\"c9cbc0b\" data-element_type=\"column\">\n\t\t\t<div class=\"elementor-widget-wrap\">\n\t\t\t\t\t\t\t<\/div>\n\t\t<\/div>\n\t\t\t\t\t<\/div>\n\t\t<\/section>\n\t\t\t\t\t<\/div>\n\t\t<\/div>\n\t\t\t\t\t<\/div>\n\t\t<\/section>\n\t\t\t\t<section class=\"elementor-section elementor-top-section elementor-element elementor-element-632d2d9 elementor-hidden-desktop elementor-hidden-tablet elementor-hidden-phone elementor-section-boxed elementor-section-height-default elementor-section-height-default\" data-id=\"632d2d9\" data-element_type=\"section\">\n\t\t\t\t\t\t<div class=\"elementor-container elementor-column-gap-default\">\n\t\t\t\t\t<div class=\"elementor-column elementor-col-100 elementor-top-column elementor-element elementor-element-268d955\" data-id=\"268d955\" data-element_type=\"column\">\n\t\t\t<div class=\"elementor-widget-wrap elementor-element-populated\">\n\t\t\t\t\t\t<div class=\"elementor-element elementor-element-5ed1f23 elementor-align-center elementor-widget elementor-widget-button\" data-id=\"5ed1f23\" data-element_type=\"widget\" data-widget_type=\"button.default\">\n\t\t\t\t<div class=\"elementor-widget-container\">\n\t\t\t\t\t\t\t\t\t<div class=\"elementor-button-wrapper\">\n\t\t\t\t\t<a class=\"elementor-button elementor-button-link elementor-size-sm\" href=\"http:\/\/cloudprimero.com\/br\/\" id=\"my-styles\">\n\t\t\t\t\t\t<span class=\"elementor-button-content-wrapper\">\n\t\t\t\t\t\t\t\t\t<span class=\"elementor-button-text\"><span class=\"btn\">load more<\/span><\/span>\n\t\t\t\t\t<\/span>\n\t\t\t\t\t<\/a>\n\t\t\t\t<\/div>\n\t\t\t\t\t\t\t\t<\/div>\n\t\t\t\t<\/div>\n\t\t\t\t\t<\/div>\n\t\t<\/div>\n\t\t\t\t\t<\/div>\n\t\t<\/section>\n\t\t\t\t<\/div>\n\t\t","protected":false},"excerpt":{"rendered":"<p>Estudos de caso. Apresentando o melhor e mais recente trabalho realizado pela Cloud Primero para seus clientes.. ClickDrive Os cofundadores da ClickDrive estavam procurando ativamente por parceiros de tecnologia que pudessem ajud\u00e1-los a construir uma plataforma robusta que traz tutoriais de dire\u00e7\u00e3o ao seu alcance. Descubra como o Cloud Primero foi capaz de fornecer aplicativos&hellip; <a class=\"more-link\" href=\"https:\/\/www.cloudprimero.com\/br\/historias-de-clientes\/\">Continue reading <span class=\"screen-reader-text\">Case Studies<\/span><\/a><\/p>\n","protected":false},"author":1,"featured_media":0,"parent":0,"menu_order":0,"comment_status":"closed","ping_status":"closed","template":"elementor_header_footer","meta":{"footnotes":""},"class_list":["post-17345","page","type-page","status-publish","hentry","entry"],"yoast_head":"<!-- This site is optimized with the Yoast SEO plugin v25.3 - https:\/\/yoast.com\/wordpress\/plugins\/seo\/ -->\n<title>Estudos de caso de solu\u00e7\u00e3o de TI do cliente - Cloud Primero<\/title>\n<meta name=\"description\" content=\"Apresentando o melhor e mais recente trabalho realizado pela Cloud Primero para seus clientes\" \/>\n<meta name=\"robots\" content=\"index, follow, max-snippet:-1, max-image-preview:large, max-video-preview:-1\" \/>\n<link rel=\"canonical\" href=\"https:\/\/www.cloudprimero.com\/br\/historias-de-clientes\/\" \/>\n<meta property=\"og:locale\" content=\"en_US\" \/>\n<meta property=\"og:type\" content=\"article\" \/>\n<meta property=\"og:title\" content=\"Estudos de caso de solu\u00e7\u00e3o de TI do cliente - Cloud Primero\" \/>\n<meta property=\"og:description\" content=\"Apresentando o melhor e mais recente trabalho realizado pela Cloud Primero para seus clientes\" \/>\n<meta property=\"og:url\" content=\"https:\/\/www.cloudprimero.com\/br\/historias-de-clientes\/\" \/>\n<meta property=\"og:site_name\" content=\"Cloud Primero\" \/>\n<meta property=\"article:publisher\" content=\"https:\/\/www.facebook.com\/CloudPrimero\/\" \/>\n<meta property=\"article:modified_time\" content=\"2021-09-27T14:12:57+00:00\" \/>\n<meta property=\"og:image\" content=\"http:\/\/cloudprimero.com\/wp-content\/uploads\/2021\/08\/cp-sub-img-services-2.png\" \/>\n<meta name=\"twitter:card\" content=\"summary_large_image\" \/>\n<meta name=\"twitter:title\" content=\"Estudos de caso de solu\u00e7\u00e3o de TI do cliente - Cloud Primero\" \/>\n<meta name=\"twitter:description\" content=\"Apresentando o melhor e mais recente trabalho realizado pela Cloud Primero para seus clientes\" \/>\n<meta name=\"twitter:site\" content=\"@CloudPrimero\" \/>\n<meta name=\"twitter:label1\" content=\"Est. reading time\" \/>\n\t<meta name=\"twitter:data1\" content=\"1 minute\" \/>\n<script type=\"application\/ld+json\" class=\"yoast-schema-graph\">{\"@context\":\"https:\/\/schema.org\",\"@graph\":[{\"@type\":\"WebPage\",\"@id\":\"https:\/\/www.cloudprimero.com\/br\/historias-de-clientes\/\",\"url\":\"https:\/\/www.cloudprimero.com\/br\/historias-de-clientes\/\",\"name\":\"Estudos de caso de solu\u00e7\u00e3o de TI do cliente - Cloud Primero\",\"isPartOf\":{\"@id\":\"https:\/\/www.cloudprimero.com\/#website\"},\"datePublished\":\"2021-09-24T15:03:45+00:00\",\"dateModified\":\"2021-09-27T14:12:57+00:00\",\"description\":\"Apresentando o melhor e mais recente trabalho realizado pela Cloud Primero para seus clientes\",\"breadcrumb\":{\"@id\":\"https:\/\/www.cloudprimero.com\/br\/historias-de-clientes\/#breadcrumb\"},\"inLanguage\":\"BR\",\"potentialAction\":[{\"@type\":\"ReadAction\",\"target\":[\"https:\/\/www.cloudprimero.com\/br\/historias-de-clientes\/\"]}]},{\"@type\":\"BreadcrumbList\",\"@id\":\"https:\/\/www.cloudprimero.com\/br\/historias-de-clientes\/#breadcrumb\",\"itemListElement\":[{\"@type\":\"ListItem\",\"position\":1,\"name\":\"Home\",\"item\":\"https:\/\/www.cloudprimero.com\/br\/\"},{\"@type\":\"ListItem\",\"position\":2,\"name\":\"Case Studies\"}]},{\"@type\":\"WebSite\",\"@id\":\"https:\/\/www.cloudprimero.com\/#website\",\"url\":\"https:\/\/www.cloudprimero.com\/\",\"name\":\"Cloud Primero\",\"description\":\"Re-imaging business for hyper performance\",\"publisher\":{\"@id\":\"https:\/\/www.cloudprimero.com\/#organization\"},\"potentialAction\":[{\"@type\":\"SearchAction\",\"target\":{\"@type\":\"EntryPoint\",\"urlTemplate\":\"https:\/\/www.cloudprimero.com\/?s={search_term_string}\"},\"query-input\":{\"@type\":\"PropertyValueSpecification\",\"valueRequired\":true,\"valueName\":\"search_term_string\"}}],\"inLanguage\":\"BR\"},{\"@type\":\"Organization\",\"@id\":\"https:\/\/www.cloudprimero.com\/#organization\",\"name\":\"Cloud Primero\",\"url\":\"https:\/\/www.cloudprimero.com\/\",\"logo\":{\"@type\":\"ImageObject\",\"inLanguage\":\"BR\",\"@id\":\"https:\/\/www.cloudprimero.com\/#\/schema\/logo\/image\/\",\"url\":\"http:\/\/cloudprimero.com\/wp-content\/uploads\/2021\/08\/cp-logo-1.jpg\",\"contentUrl\":\"http:\/\/cloudprimero.com\/wp-content\/uploads\/2021\/08\/cp-logo-1.jpg\",\"width\":400,\"height\":400,\"caption\":\"Cloud Primero\"},\"image\":{\"@id\":\"https:\/\/www.cloudprimero.com\/#\/schema\/logo\/image\/\"},\"sameAs\":[\"https:\/\/www.facebook.com\/CloudPrimero\/\",\"https:\/\/x.com\/CloudPrimero\",\"https:\/\/www.linkedin.com\/company\/cloudprimero\/\"]}]}<\/script>\n<!-- \/ Yoast SEO plugin. -->","yoast_head_json":{"title":"Estudos de caso de solu\u00e7\u00e3o de TI do cliente - Cloud Primero","description":"Apresentando o melhor e mais recente trabalho realizado pela Cloud Primero para seus clientes","robots":{"index":"index","follow":"follow","max-snippet":"max-snippet:-1","max-image-preview":"max-image-preview:large","max-video-preview":"max-video-preview:-1"},"canonical":"https:\/\/www.cloudprimero.com\/br\/historias-de-clientes\/","og_locale":"en_US","og_type":"article","og_title":"Estudos de caso de solu\u00e7\u00e3o de TI do cliente - Cloud Primero","og_description":"Apresentando o melhor e mais recente trabalho realizado pela Cloud Primero para seus clientes","og_url":"https:\/\/www.cloudprimero.com\/br\/historias-de-clientes\/","og_site_name":"Cloud Primero","article_publisher":"https:\/\/www.facebook.com\/CloudPrimero\/","article_modified_time":"2021-09-27T14:12:57+00:00","og_image":[{"url":"http:\/\/cloudprimero.com\/wp-content\/uploads\/2021\/08\/cp-sub-img-services-2.png","type":"","width":"","height":""}],"twitter_card":"summary_large_image","twitter_title":"Estudos de caso de solu\u00e7\u00e3o de TI do cliente - Cloud Primero","twitter_description":"Apresentando o melhor e mais recente trabalho realizado pela Cloud Primero para seus clientes","twitter_site":"@CloudPrimero","twitter_misc":{"Est. reading time":"1 minute"},"schema":{"@context":"https:\/\/schema.org","@graph":[{"@type":"WebPage","@id":"https:\/\/www.cloudprimero.com\/br\/historias-de-clientes\/","url":"https:\/\/www.cloudprimero.com\/br\/historias-de-clientes\/","name":"Estudos de caso de solu\u00e7\u00e3o de TI do cliente - Cloud Primero","isPartOf":{"@id":"https:\/\/www.cloudprimero.com\/#website"},"datePublished":"2021-09-24T15:03:45+00:00","dateModified":"2021-09-27T14:12:57+00:00","description":"Apresentando o melhor e mais recente trabalho realizado pela Cloud Primero para seus clientes","breadcrumb":{"@id":"https:\/\/www.cloudprimero.com\/br\/historias-de-clientes\/#breadcrumb"},"inLanguage":"BR","potentialAction":[{"@type":"ReadAction","target":["https:\/\/www.cloudprimero.com\/br\/historias-de-clientes\/"]}]},{"@type":"BreadcrumbList","@id":"https:\/\/www.cloudprimero.com\/br\/historias-de-clientes\/#breadcrumb","itemListElement":[{"@type":"ListItem","position":1,"name":"Home","item":"https:\/\/www.cloudprimero.com\/br\/"},{"@type":"ListItem","position":2,"name":"Case Studies"}]},{"@type":"WebSite","@id":"https:\/\/www.cloudprimero.com\/#website","url":"https:\/\/www.cloudprimero.com\/","name":"Cloud Primero","description":"Re-imaging business for hyper performance","publisher":{"@id":"https:\/\/www.cloudprimero.com\/#organization"},"potentialAction":[{"@type":"SearchAction","target":{"@type":"EntryPoint","urlTemplate":"https:\/\/www.cloudprimero.com\/?s={search_term_string}"},"query-input":{"@type":"PropertyValueSpecification","valueRequired":true,"valueName":"search_term_string"}}],"inLanguage":"BR"},{"@type":"Organization","@id":"https:\/\/www.cloudprimero.com\/#organization","name":"Cloud Primero","url":"https:\/\/www.cloudprimero.com\/","logo":{"@type":"ImageObject","inLanguage":"BR","@id":"https:\/\/www.cloudprimero.com\/#\/schema\/logo\/image\/","url":"http:\/\/cloudprimero.com\/wp-content\/uploads\/2021\/08\/cp-logo-1.jpg","contentUrl":"http:\/\/cloudprimero.com\/wp-content\/uploads\/2021\/08\/cp-logo-1.jpg","width":400,"height":400,"caption":"Cloud Primero"},"image":{"@id":"https:\/\/www.cloudprimero.com\/#\/schema\/logo\/image\/"},"sameAs":["https:\/\/www.facebook.com\/CloudPrimero\/","https:\/\/x.com\/CloudPrimero","https:\/\/www.linkedin.com\/company\/cloudprimero\/"]}]}},"_links":{"self":[{"href":"https:\/\/www.cloudprimero.com\/br\/wp-json\/wp\/v2\/pages\/17345","targetHints":{"allow":["GET"]}}],"collection":[{"href":"https:\/\/www.cloudprimero.com\/br\/wp-json\/wp\/v2\/pages"}],"about":[{"href":"https:\/\/www.cloudprimero.com\/br\/wp-json\/wp\/v2\/types\/page"}],"author":[{"embeddable":true,"href":"https:\/\/www.cloudprimero.com\/br\/wp-json\/wp\/v2\/users\/1"}],"replies":[{"embeddable":true,"href":"https:\/\/www.cloudprimero.com\/br\/wp-json\/wp\/v2\/comments?post=17345"}],"version-history":[{"count":0,"href":"https:\/\/www.cloudprimero.com\/br\/wp-json\/wp\/v2\/pages\/17345\/revisions"}],"wp:attachment":[{"href":"https:\/\/www.cloudprimero.com\/br\/wp-json\/wp\/v2\/media?parent=17345"}],"curies":[{"name":"wp","href":"https:\/\/api.w.org\/{rel}","templated":true}]}}